{"id":45,"date":"2014-11-13T20:58:39","date_gmt":"2014-11-13T20:58:39","guid":{"rendered":"http:\/\/hannakowalewska.pl\/?page_id=45"},"modified":"2016-09-19T23:10:43","modified_gmt":"2016-09-19T23:10:43","slug":"spotkania-autorskie","status":"publish","type":"page","link":"http:\/\/hannakowalewska.pl\/?page_id=45","title":{"rendered":"Spotkania autorskie"},"content":{"rendered":"<p style=\"text-align: left;\">W celu zaproszenia mnie na spotkanie autorskie<br \/>\nmo\u017cna kontaktowa\u0107 si\u0119 bezpo\u015brednio ze mn\u0105: \u00a0\u00a0<a href=\"mailto:k.hannah@wp.pl\">k.hannah@wp.pl<\/a><\/p>\n<p style=\"text-align: left;\">__________________________________________________________________________________________________________<\/p>\n<p style=\"text-align: left; padding-left: 150px;\"><span style=\"color: #339966;\"><strong>Najbli\u017csze spotkania:<\/strong><\/span><\/p>\n<p style=\"text-align: left; padding-left: 150px;\">03.10.2016 Tarnowo Podg\u00f3rne<\/p>\n<p style=\"text-align: left; padding-left: 150px;\">04.10.2016 Leszno<\/p>\n<p style=\"text-align: left; padding-left: 150px;\">05.10.2016 Turek<\/p>\n<p style=\"text-align: left; padding-left: 150px;\"><strong><span style=\"color: #008000;\">To ju\u017c by\u0142o:<\/span><\/strong><\/p>\n<p style=\"text-align: left; padding-left: 150px;\">12.05. 2016 E\u0142k<\/p>\n<p style=\"text-align: left; padding-left: 150px;\">13. 05. 2016 Go\u0142dap<\/p>\n<p style=\"text-align: left; padding-left: 150px;\">14. 05. 2016 \u0141om\u017ca<\/p>\n<p style=\"text-align: left; padding-left: 150px;\">27.05.2015 Wymiarki (godz.14.30) i Bytom Odrza\u0144ski (godz. 18.00)<\/p>\n<p style=\"text-align: left; padding-left: 150px;\">28.05.2015 Kargowa \u00a0(godz. 17.00) i S\u0142awa (godz. 19.00)<\/p>\n<p style=\"text-align: left; padding-left: 150px;\">2.05.2015 Smardzewice (godz. 16.00)<\/p>\n<p style=\"padding-left: 150px; text-align: right;\">20.05.2015<a href=\"http:\/\/hannakowalewska.pl\/wp-content\/uploads\/2015\/05\/a7ebb401d67609c819f8aaf12541d5c3.jpg\"><img loading=\"lazy\" decoding=\"async\" class=\" size-full wp-image-808 alignleft\" src=\"http:\/\/hannakowalewska.pl\/wp-content\/uploads\/2015\/05\/a7ebb401d67609c819f8aaf12541d5c3.jpg\" alt=\"a7ebb401d67609c819f8aaf12541d5c3\" width=\"200\" height=\"132\" \/><\/a><\/p>\n<p style=\"padding-left: 150px; text-align: right;\">Godz. 11 i 18 w bibliotece w MOK w Wysokiem Mazowieckiem.<\/p>\n<p style=\"padding-left: 150px; text-align: right;\"><strong><span style=\"color: #008000;\"><br \/>\n<\/span><\/strong><\/p>\n<p style=\"padding-left: 150px; text-align: right;\"><span style=\"color: #008080;\"><strong>To te\u017c ju\u017c by\u0142o:<\/strong><\/span><\/p>\n<p style=\"padding-left: 150px; text-align: right;\">11.05 &#8211;\u00a0godz. 17 Miejska Biblioteka w Libi\u0105\u017cu<\/p>\n<p style=\"padding-left: 150px; text-align: right;\">12.05 &#8211; godz. 17 Gminna Biblioteka Publiczna w Radgoszczy<\/p>\n<p style=\"padding-left: 150px; text-align: right;\">13.05 &#8211;\u00a016.30 Powiatowa i Miejska-Gminna Biblioteka w Starym S\u0105czu godz.<\/p>\n<p style=\"padding-left: 150px; text-align: right;\"><strong><span style=\"color: #33cccc;\">Targi Ksi\u0105\u017cki w Warszawie<\/span><\/strong> (Stadion Narodowy)<\/p>\n<p style=\"padding-left: 150px; text-align: right;\">15. 05 &#8211; godz. 16, stoisko wydawnictwa ZYSK i S-ka<\/p>\n<p style=\"padding-left: 150px; text-align: right;\"><span style=\"color: #008000;\"><strong>16.05 &#8211; godz. 16, \u00a0stoisko Wydawnictwa Literackiego<\/strong><\/span><\/p>\n<p style=\"padding-left: 150px; text-align: right;\"><a href=\"http:\/\/hannakowalewska.pl\/wp-content\/uploads\/2014\/11\/2015_05_WYD_LIT_Targi_ksiazki_prev-5660.bmp\"><img loading=\"lazy\" decoding=\"async\" class=\"alignleft size-medium wp-image-797\" src=\"http:\/\/hannakowalewska.pl\/wp-content\/uploads\/2014\/11\/2015_05_WYD_LIT_Targi_ksiazki_prev-5660-200x300.bmp\" alt=\"2015_05_WYD_LIT_Targi_ksiazki_prev-5660\" width=\"200\" height=\"300\" srcset=\"http:\/\/hannakowalewska.pl\/wp-content\/uploads\/2014\/11\/2015_05_WYD_LIT_Targi_ksiazki_prev-5660-200x300.bmp 200w, http:\/\/hannakowalewska.pl\/wp-content\/uploads\/2014\/11\/2015_05_WYD_LIT_Targi_ksiazki_prev-5660.bmp 600w\" sizes=\"auto, (max-width: 200px) 100vw, 200px\" \/><\/a> <a href=\"http:\/\/hannakowalewska.pl\/wp-content\/uploads\/2014\/11\/2015_05_WYD_LIT_Targi_ksiazki_prev-5602.bmp\"><img loading=\"lazy\" decoding=\"async\" class=\"alignleft size-medium wp-image-798\" src=\"http:\/\/hannakowalewska.pl\/wp-content\/uploads\/2014\/11\/2015_05_WYD_LIT_Targi_ksiazki_prev-5602-300x200.bmp\" alt=\"2015_05_WYD_LIT_Targi_ksiazki_prev-5602\" width=\"300\" height=\"200\" srcset=\"http:\/\/hannakowalewska.pl\/wp-content\/uploads\/2014\/11\/2015_05_WYD_LIT_Targi_ksiazki_prev-5602-300x200.bmp 300w, http:\/\/hannakowalewska.pl\/wp-content\/uploads\/2014\/11\/2015_05_WYD_LIT_Targi_ksiazki_prev-5602.bmp 900w\" sizes=\"auto, (max-width: 300px) 100vw, 300px\" \/><\/a> <a href=\"http:\/\/hannakowalewska.pl\/wp-content\/uploads\/2014\/11\/2015_05_WYD_LIT_Targi_ksiazki_prev-5644.bmp\"><img loading=\"lazy\" decoding=\"async\" class=\"alignleft size-medium wp-image-799\" src=\"http:\/\/hannakowalewska.pl\/wp-content\/uploads\/2014\/11\/2015_05_WYD_LIT_Targi_ksiazki_prev-5644-300x200.bmp\" alt=\"2015_05_WYD_LIT_Targi_ksiazki_prev-5644\" width=\"300\" height=\"200\" srcset=\"http:\/\/hannakowalewska.pl\/wp-content\/uploads\/2014\/11\/2015_05_WYD_LIT_Targi_ksiazki_prev-5644-300x200.bmp 300w, http:\/\/hannakowalewska.pl\/wp-content\/uploads\/2014\/11\/2015_05_WYD_LIT_Targi_ksiazki_prev-5644.bmp 900w\" sizes=\"auto, (max-width: 300px) 100vw, 300px\" \/><\/a><\/p>\n<p style=\"padding-left: 150px; text-align: right;\"><a href=\"http:\/\/hannakowalewska.pl\/wp-content\/uploads\/2014\/11\/2015_05_WYD_LIT_Targi_ksiazki_prev-5649.bmp\"><img loading=\"lazy\" decoding=\"async\" class=\"alignleft size-medium wp-image-800\" src=\"http:\/\/hannakowalewska.pl\/wp-content\/uploads\/2014\/11\/2015_05_WYD_LIT_Targi_ksiazki_prev-5649-300x200.bmp\" alt=\"2015_05_WYD_LIT_Targi_ksiazki_prev-5649\" width=\"300\" height=\"200\" srcset=\"http:\/\/hannakowalewska.pl\/wp-content\/uploads\/2014\/11\/2015_05_WYD_LIT_Targi_ksiazki_prev-5649-300x200.bmp 300w, http:\/\/hannakowalewska.pl\/wp-content\/uploads\/2014\/11\/2015_05_WYD_LIT_Targi_ksiazki_prev-5649.bmp 900w\" sizes=\"auto, (max-width: 300px) 100vw, 300px\" \/><\/a> <a href=\"http:\/\/hannakowalewska.pl\/wp-content\/uploads\/2014\/11\/2015_05_WYD_LIT_Targi_ksiazki_prev-5652.bmp\"><img loading=\"lazy\" decoding=\"async\" class=\"alignleft size-medium wp-image-801\" src=\"http:\/\/hannakowalewska.pl\/wp-content\/uploads\/2014\/11\/2015_05_WYD_LIT_Targi_ksiazki_prev-5652-300x200.bmp\" alt=\"2015_05_WYD_LIT_Targi_ksiazki_prev-5652\" width=\"300\" height=\"200\" srcset=\"http:\/\/hannakowalewska.pl\/wp-content\/uploads\/2014\/11\/2015_05_WYD_LIT_Targi_ksiazki_prev-5652-300x200.bmp 300w, http:\/\/hannakowalewska.pl\/wp-content\/uploads\/2014\/11\/2015_05_WYD_LIT_Targi_ksiazki_prev-5652.bmp 900w\" sizes=\"auto, (max-width: 300px) 100vw, 300px\" \/><\/a><\/p>\n<p style=\"padding-left: 150px; text-align: right;\">*************************************************************<\/p>\n<p style=\"padding-left: 150px; text-align: right;\"><span style=\"color: #008000;\"><strong>Tak by\u0142o 5 maja w Domu Literatury<\/strong>:<\/span><\/p>\n<p style=\"text-align: left; padding-left: 150px;\"><a href=\"http:\/\/hannakowalewska.pl\/wp-content\/uploads\/2014\/11\/SAM_7251.jpg\"><img loading=\"lazy\" decoding=\"async\" class=\"alignleft size-medium wp-image-742\" src=\"http:\/\/hannakowalewska.pl\/wp-content\/uploads\/2014\/11\/SAM_7251-300x180.jpg\" alt=\"SAM_7251\" width=\"300\" height=\"180\" srcset=\"http:\/\/hannakowalewska.pl\/wp-content\/uploads\/2014\/11\/SAM_7251-300x180.jpg 300w, http:\/\/hannakowalewska.pl\/wp-content\/uploads\/2014\/11\/SAM_7251-1024x616.jpg 1024w, http:\/\/hannakowalewska.pl\/wp-content\/uploads\/2014\/11\/SAM_7251.jpg 1280w\" sizes=\"auto, (max-width: 300px) 100vw, 300px\" \/><\/a><\/p>\n<p style=\"text-align: left; padding-left: 150px;\"><a href=\"http:\/\/hannakowalewska.pl\/wp-content\/uploads\/2015\/05\/P1060273.jpg\"><img loading=\"lazy\" decoding=\"async\" class=\"alignleft size-medium wp-image-717\" src=\"http:\/\/hannakowalewska.pl\/wp-content\/uploads\/2015\/05\/P1060273-300x200.jpg\" alt=\"P1060273\" width=\"300\" height=\"200\" srcset=\"http:\/\/hannakowalewska.pl\/wp-content\/uploads\/2015\/05\/P1060273-300x200.jpg 300w, http:\/\/hannakowalewska.pl\/wp-content\/uploads\/2015\/05\/P1060273-1024x683.jpg 1024w\" sizes=\"auto, (max-width: 300px) 100vw, 300px\" \/><\/a><\/p>\n<p style=\"text-align: left; padding-left: 150px;\"><a href=\"http:\/\/hannakowalewska.pl\/wp-content\/uploads\/2014\/11\/SAM_7268.jpg\"><img loading=\"lazy\" decoding=\"async\" class=\"alignleft size-medium wp-image-731\" src=\"http:\/\/hannakowalewska.pl\/wp-content\/uploads\/2014\/11\/SAM_7268-300x200.jpg\" alt=\"SAM_7268\" width=\"300\" height=\"200\" srcset=\"http:\/\/hannakowalewska.pl\/wp-content\/uploads\/2014\/11\/SAM_7268-300x200.jpg 300w, http:\/\/hannakowalewska.pl\/wp-content\/uploads\/2014\/11\/SAM_7268-1024x684.jpg 1024w, http:\/\/hannakowalewska.pl\/wp-content\/uploads\/2014\/11\/SAM_7268.jpg 1280w\" sizes=\"auto, (max-width: 300px) 100vw, 300px\" \/><\/a> <a href=\"http:\/\/hannakowalewska.pl\/wp-content\/uploads\/2014\/11\/SAM_7269.jpg\"><img loading=\"lazy\" decoding=\"async\" class=\"alignleft size-medium wp-image-732\" src=\"http:\/\/hannakowalewska.pl\/wp-content\/uploads\/2014\/11\/SAM_7269-300x200.jpg\" alt=\"SAM_7269\" width=\"300\" height=\"200\" srcset=\"http:\/\/hannakowalewska.pl\/wp-content\/uploads\/2014\/11\/SAM_7269-300x200.jpg 300w, http:\/\/hannakowalewska.pl\/wp-content\/uploads\/2014\/11\/SAM_7269-1024x684.jpg 1024w, http:\/\/hannakowalewska.pl\/wp-content\/uploads\/2014\/11\/SAM_7269.jpg 1280w\" sizes=\"auto, (max-width: 300px) 100vw, 300px\" \/><\/a> <a href=\"http:\/\/hannakowalewska.pl\/wp-content\/uploads\/2014\/11\/SAM_7276.jpg\"><img loading=\"lazy\" decoding=\"async\" class=\"alignleft size-medium wp-image-733\" src=\"http:\/\/hannakowalewska.pl\/wp-content\/uploads\/2014\/11\/SAM_7276-300x200.jpg\" alt=\"SAM_7276\" width=\"300\" height=\"200\" srcset=\"http:\/\/hannakowalewska.pl\/wp-content\/uploads\/2014\/11\/SAM_7276-300x200.jpg 300w, http:\/\/hannakowalewska.pl\/wp-content\/uploads\/2014\/11\/SAM_7276-1024x684.jpg 1024w, http:\/\/hannakowalewska.pl\/wp-content\/uploads\/2014\/11\/SAM_7276.jpg 1280w\" sizes=\"auto, (max-width: 300px) 100vw, 300px\" \/><\/a><a href=\"http:\/\/hannakowalewska.pl\/wp-content\/uploads\/2014\/11\/SAM_72841.jpg\"><img loading=\"lazy\" decoding=\"async\" class=\"alignleft size-medium wp-image-736\" src=\"http:\/\/hannakowalewska.pl\/wp-content\/uploads\/2014\/11\/SAM_72841-200x300.jpg\" alt=\"SAM_7284\" width=\"200\" height=\"300\" srcset=\"http:\/\/hannakowalewska.pl\/wp-content\/uploads\/2014\/11\/SAM_72841-200x300.jpg 200w, http:\/\/hannakowalewska.pl\/wp-content\/uploads\/2014\/11\/SAM_72841.jpg 684w\" sizes=\"auto, (max-width: 200px) 100vw, 200px\" \/><\/a><a href=\"http:\/\/hannakowalewska.pl\/wp-content\/uploads\/2014\/11\/SAM_7279.jpg\"><img loading=\"lazy\" decoding=\"async\" class=\"alignleft size-medium wp-image-737\" src=\"http:\/\/hannakowalewska.pl\/wp-content\/uploads\/2014\/11\/SAM_7279-300x200.jpg\" alt=\"SAM_7279\" width=\"300\" height=\"200\" srcset=\"http:\/\/hannakowalewska.pl\/wp-content\/uploads\/2014\/11\/SAM_7279-300x200.jpg 300w, http:\/\/hannakowalewska.pl\/wp-content\/uploads\/2014\/11\/SAM_7279-1024x684.jpg 1024w, http:\/\/hannakowalewska.pl\/wp-content\/uploads\/2014\/11\/SAM_7279.jpg 1280w\" sizes=\"auto, (max-width: 300px) 100vw, 300px\" \/><\/a><\/p>\n<p style=\"text-align: left; padding-left: 150px;\"><a href=\"http:\/\/hannakowalewska.pl\/wp-content\/uploads\/2015\/05\/P1060251.jpg\"><img loading=\"lazy\" decoding=\"async\" class=\"alignleft size-medium wp-image-715\" src=\"http:\/\/hannakowalewska.pl\/wp-content\/uploads\/2015\/05\/P1060251-300x200.jpg\" alt=\"P1060251\" width=\"300\" height=\"200\" srcset=\"http:\/\/hannakowalewska.pl\/wp-content\/uploads\/2015\/05\/P1060251-300x200.jpg 300w, http:\/\/hannakowalewska.pl\/wp-content\/uploads\/2015\/05\/P1060251-1024x683.jpg 1024w\" sizes=\"auto, (max-width: 300px) 100vw, 300px\" \/><\/a><a href=\"http:\/\/hannakowalewska.pl\/wp-content\/uploads\/2014\/11\/P1060238.jpg\"><img loading=\"lazy\" decoding=\"async\" class=\"alignleft size-medium wp-image-721\" src=\"http:\/\/hannakowalewska.pl\/wp-content\/uploads\/2014\/11\/P1060238-200x300.jpg\" alt=\"P1060238\" width=\"200\" height=\"300\" srcset=\"http:\/\/hannakowalewska.pl\/wp-content\/uploads\/2014\/11\/P1060238-200x300.jpg 200w, http:\/\/hannakowalewska.pl\/wp-content\/uploads\/2014\/11\/P1060238-682x1024.jpg 682w\" sizes=\"auto, (max-width: 200px) 100vw, 200px\" \/><\/a><a href=\"http:\/\/hannakowalewska.pl\/wp-content\/uploads\/2014\/11\/P1060326.jpg\"><img loading=\"lazy\" decoding=\"async\" class=\"alignleft size-medium wp-image-727\" src=\"http:\/\/hannakowalewska.pl\/wp-content\/uploads\/2014\/11\/P1060326-300x200.jpg\" alt=\"P1060326\" width=\"300\" height=\"200\" srcset=\"http:\/\/hannakowalewska.pl\/wp-content\/uploads\/2014\/11\/P1060326-300x200.jpg 300w, http:\/\/hannakowalewska.pl\/wp-content\/uploads\/2014\/11\/P1060326-1024x683.jpg 1024w\" sizes=\"auto, (max-width: 300px) 100vw, 300px\" \/><\/a><a href=\"http:\/\/hannakowalewska.pl\/wp-content\/uploads\/2014\/11\/P1060322.jpg\"><img loading=\"lazy\" decoding=\"async\" class=\"alignleft size-medium wp-image-726\" src=\"http:\/\/hannakowalewska.pl\/wp-content\/uploads\/2014\/11\/P1060322-300x200.jpg\" alt=\"P1060322\" width=\"300\" height=\"200\" srcset=\"http:\/\/hannakowalewska.pl\/wp-content\/uploads\/2014\/11\/P1060322-300x200.jpg 300w, http:\/\/hannakowalewska.pl\/wp-content\/uploads\/2014\/11\/P1060322-1024x683.jpg 1024w\" sizes=\"auto, (max-width: 300px) 100vw, 300px\" \/><\/a><a href=\"http:\/\/hannakowalewska.pl\/wp-content\/uploads\/2014\/11\/P1060302.jpg\"><img loading=\"lazy\" decoding=\"async\" class=\"alignleft size-medium wp-image-725\" src=\"http:\/\/hannakowalewska.pl\/wp-content\/uploads\/2014\/11\/P1060302-300x200.jpg\" alt=\"P1060302\" width=\"300\" height=\"200\" srcset=\"http:\/\/hannakowalewska.pl\/wp-content\/uploads\/2014\/11\/P1060302-300x200.jpg 300w, http:\/\/hannakowalewska.pl\/wp-content\/uploads\/2014\/11\/P1060302-1024x683.jpg 1024w\" sizes=\"auto, (max-width: 300px) 100vw, 300px\" \/><\/a><a href=\"http:\/\/hannakowalewska.pl\/wp-content\/uploads\/2014\/11\/P1060266.jpg\"><img loading=\"lazy\" decoding=\"async\" class=\"alignleft size-medium wp-image-723\" src=\"http:\/\/hannakowalewska.pl\/wp-content\/uploads\/2014\/11\/P1060266-200x300.jpg\" alt=\"P1060266\" width=\"200\" height=\"300\" srcset=\"http:\/\/hannakowalewska.pl\/wp-content\/uploads\/2014\/11\/P1060266-200x300.jpg 200w, http:\/\/hannakowalewska.pl\/wp-content\/uploads\/2014\/11\/P1060266-683x1024.jpg 683w\" sizes=\"auto, (max-width: 200px) 100vw, 200px\" \/><\/a><\/p>\n","protected":false},"excerpt":{"rendered":"<p>W celu zaproszenia mnie na spotkanie autorskie mo\u017cna kontaktowa\u0107 si\u0119 bezpo\u015brednio ze mn\u0105: \u00a0\u00a0k.hannah@wp.pl __________________________________________________________________________________________________________ Najbli\u017csze spotkania: 03.10.2016 Tarnowo Podg\u00f3rne 04.10.2016 Leszno 05.10.2016 Turek To ju\u017c by\u0142o: 12.05. 2016 E\u0142k 13. 05. 2016 Go\u0142dap 14. 05. 2016 \u0141om\u017ca 27.05.2015 Wymiarki (godz.14.30) i Bytom Odrza\u0144ski (godz. 18.00) 28.05.2015 Kargowa \u00a0(godz. 17.00) i S\u0142awa (godz. 19.00) 2.05.2015 [&hellip;]<\/p>\n","protected":false},"author":1,"featured_media":0,"parent":0,"menu_order":3,"comment_status":"closed","ping_status":"closed","template":"","meta":{"footnotes":""},"class_list":["post-45","page","type-page","status-publish","hentry"],"_links":{"self":[{"href":"http:\/\/hannakowalewska.pl\/index.php?rest_route=\/wp\/v2\/pages\/45","targetHints":{"allow":["GET"]}}],"collection":[{"href":"http:\/\/hannakowalewska.pl\/index.php?rest_route=\/wp\/v2\/pages"}],"about":[{"href":"http:\/\/hannakowalewska.pl\/index.php?rest_route=\/wp\/v2\/types\/page"}],"author":[{"embeddable":true,"href":"http:\/\/hannakowalewska.pl\/index.php?rest_route=\/wp\/v2\/users\/1"}],"replies":[{"embeddable":true,"href":"http:\/\/hannakowalewska.pl\/index.php?rest_route=%2Fwp%2Fv2%2Fcomments&post=45"}],"version-history":[{"count":47,"href":"http:\/\/hannakowalewska.pl\/index.php?rest_route=\/wp\/v2\/pages\/45\/revisions"}],"predecessor-version":[{"id":1242,"href":"http:\/\/hannakowalewska.pl\/index.php?rest_route=\/wp\/v2\/pages\/45\/revisions\/1242"}],"wp:attachment":[{"href":"http:\/\/hannakowalewska.pl\/index.php?rest_route=%2Fwp%2Fv2%2Fmedia&parent=45"}],"curies":[{"name":"wp","href":"https:\/\/api.w.org\/{rel}","templated":true}]}}