{"id":12,"date":"2014-11-13T20:39:56","date_gmt":"2014-11-13T20:39:56","guid":{"rendered":"http:\/\/hannakowalewska.pl\/?page_id=12"},"modified":"2019-09-26T01:13:12","modified_gmt":"2019-09-26T01:13:12","slug":"ksiazki","status":"publish","type":"page","link":"http:\/\/hannakowalewska.pl\/?page_id=12","title":{"rendered":"Ksi\u0105\u017cki"},"content":{"rendered":"<ul>\n<li><a href=\"http:\/\/hannakowalewska.pl\/?page_id=14\">Anna T\u0142umaczy \u015bwiat (1990)<\/a><\/li>\n<li><a href=\"http:\/\/hannakowalewska.pl\/?page_id=17\">Kapelusz z zielonymi jaszczurkami (1995)<\/a><\/li>\n<li><a href=\"http:\/\/hannakowalewska.pl\/?page_id=22\">Tego lata, w Zawrociu (1997)<\/a><\/li>\n<li><a href=\"http:\/\/hannakowalewska.pl\/?page_id=24\">Winoro\u015blinno\u015b\u0107 (1998)<\/a><\/li>\n<li><a href=\"http:\/\/hannakowalewska.pl\/?page_id=72\">Letnia akademia uczu\u0107 1 &#8211; Anna i wodorosty (2000)<\/a><\/li>\n<li><a href=\"http:\/\/hannakowalewska.pl\/?page_id=32\">G\u00f3ra \u015bpi\u0105cych w\u0119\u017cy (2001)<\/a><\/li>\n<li><a href=\"http:\/\/hannakowalewska.pl\/?page_id=32\">Julita i hu\u015btawki (2003)<\/a><\/li>\n<li><a href=\"http:\/\/hannakowalewska.pl\/?page_id=35\">Maska Arlekina (2006)<\/a><\/li>\n<li><a href=\"http:\/\/hannakowalewska.pl\/?page_id=37\">Letnia akademia uczu\u0107 2 &#8211; Pi\u0119\u0107 najwa\u017cniejszych s\u0142\u00f3w (2008)<\/a><\/li>\n<li><a href=\"http:\/\/hannakowalewska.pl\/?page_id=39\">Inna wersja \u017cycia (2010)<\/a><\/li>\n<li><a href=\"http:\/\/hannakowalewska.pl\/?page_id=42\">Przelot bocian\u00f3w (2011)<\/a><\/li>\n<li><a href=\"http:\/\/hannakowalewska.pl\/?page_id=548\">Tam, gdzie nie si\u0119ga ju\u017c cie\u0144&nbsp;(2015)<\/a><\/li>\n<li><a href=\"http:\/\/hannakowalewska.pl\/?page_id=1081\">Cztery rz\u0119sy nietoperza (2016)<\/a><\/li>\n<li><a href=\"http:\/\/hannakowalewska.pl\/?page_id=1515\" target=\"_blank\" rel=\"noopener noreferrer\">Zanim odfrun\u0119 (2017)<\/a><\/li>\n<li><\/li>\n<li><\/li>\n<\/ul>\n\n\n<figure class=\"wp-block-image\"><img decoding=\"async\" src=\"http:\/\/hannakowalewska.pl\/wp-content\/uploads\/2017\/05\/Kowalewska-_-Julita-i-hustawki-_-m.jpg\" alt=\"\" class=\"wp-image-1300\"\/><\/figure>\n\n\n\n<figure class=\"wp-block-image\"><img loading=\"lazy\" decoding=\"async\" width=\"900\" height=\"900\" src=\"http:\/\/hannakowalewska.pl\/wp-content\/uploads\/2019\/09\/micheile-henderson-429860-unsplash-B-1x1.jpg\" alt=\"\" class=\"wp-image-1816\" srcset=\"http:\/\/hannakowalewska.pl\/wp-content\/uploads\/2019\/09\/micheile-henderson-429860-unsplash-B-1x1.jpg 900w, http:\/\/hannakowalewska.pl\/wp-content\/uploads\/2019\/09\/micheile-henderson-429860-unsplash-B-1x1-150x150.jpg 150w, http:\/\/hannakowalewska.pl\/wp-content\/uploads\/2019\/09\/micheile-henderson-429860-unsplash-B-1x1-300x300.jpg 300w, http:\/\/hannakowalewska.pl\/wp-content\/uploads\/2019\/09\/micheile-henderson-429860-unsplash-B-1x1-768x768.jpg 768w\" sizes=\"auto, (max-width: 900px) 100vw, 900px\" \/><\/figure>\n\n\n\n<figure class=\"wp-block-image\"><img loading=\"lazy\" decoding=\"async\" width=\"1024\" height=\"576\" src=\"http:\/\/hannakowalewska.pl\/wp-content\/uploads\/2018\/07\/005_Cykl_o_Zawrociu_1280x720_FB-1024x576.png\" alt=\"\" class=\"wp-image-1421\" srcset=\"http:\/\/hannakowalewska.pl\/wp-content\/uploads\/2018\/07\/005_Cykl_o_Zawrociu_1280x720_FB-1024x576.png 1024w, http:\/\/hannakowalewska.pl\/wp-content\/uploads\/2018\/07\/005_Cykl_o_Zawrociu_1280x720_FB-300x169.png 300w, http:\/\/hannakowalewska.pl\/wp-content\/uploads\/2018\/07\/005_Cykl_o_Zawrociu_1280x720_FB-768x432.png 768w, http:\/\/hannakowalewska.pl\/wp-content\/uploads\/2018\/07\/005_Cykl_o_Zawrociu_1280x720_FB.png 1280w\" sizes=\"auto, (max-width: 1024px) 100vw, 1024px\" \/><\/figure>\n\n\n","protected":false},"excerpt":{"rendered":"<p>Anna T\u0142umaczy \u015bwiat (1990) Kapelusz z zielonymi jaszczurkami (1995) Tego lata, w Zawrociu (1997) Winoro\u015blinno\u015b\u0107 (1998) Letnia akademia uczu\u0107 1 &#8211; Anna i wodorosty (2000) G\u00f3ra \u015bpi\u0105cych w\u0119\u017cy (2001) Julita i hu\u015btawki (2003) Maska Arlekina (2006) Letnia akademia uczu\u0107 2 &#8211; Pi\u0119\u0107 najwa\u017cniejszych s\u0142\u00f3w (2008) Inna wersja \u017cycia (2010) Przelot bocian\u00f3w (2011) Tam, gdzie nie [&hellip;]<\/p>\n","protected":false},"author":1,"featured_media":0,"parent":0,"menu_order":2,"comment_status":"closed","ping_status":"closed","template":"","meta":{"footnotes":""},"class_list":["post-12","page","type-page","status-publish","hentry"],"_links":{"self":[{"href":"http:\/\/hannakowalewska.pl\/index.php?rest_route=\/wp\/v2\/pages\/12","targetHints":{"allow":["GET"]}}],"collection":[{"href":"http:\/\/hannakowalewska.pl\/index.php?rest_route=\/wp\/v2\/pages"}],"about":[{"href":"http:\/\/hannakowalewska.pl\/index.php?rest_route=\/wp\/v2\/types\/page"}],"author":[{"embeddable":true,"href":"http:\/\/hannakowalewska.pl\/index.php?rest_route=\/wp\/v2\/users\/1"}],"replies":[{"embeddable":true,"href":"http:\/\/hannakowalewska.pl\/index.php?rest_route=%2Fwp%2Fv2%2Fcomments&post=12"}],"version-history":[{"count":17,"href":"http:\/\/hannakowalewska.pl\/index.php?rest_route=\/wp\/v2\/pages\/12\/revisions"}],"predecessor-version":[{"id":1819,"href":"http:\/\/hannakowalewska.pl\/index.php?rest_route=\/wp\/v2\/pages\/12\/revisions\/1819"}],"wp:attachment":[{"href":"http:\/\/hannakowalewska.pl\/index.php?rest_route=%2Fwp%2Fv2%2Fmedia&parent=12"}],"curies":[{"name":"wp","href":"https:\/\/api.w.org\/{rel}","templated":true}]}}